{"id":4627,"date":"2026-04-20T04:52:33","date_gmt":"2026-04-20T04:52:33","guid":{"rendered":"https:\/\/www.runceanu.ro\/adrian\/?page_id=4627"},"modified":"2026-05-14T05:33:08","modified_gmt":"2026-05-14T05:33:08","slug":"contact-nou","status":"publish","type":"page","link":"https:\/\/www.runceanu.ro\/adrian\/contact-nou\/","title":{"rendered":"Contact nou"},"content":{"rendered":"<style>.kb-row-layout-id4627_a4a09d-bf > .kt-row-column-wrap{align-content:start;}:where(.kb-row-layout-id4627_a4a09d-bf > .kt-row-column-wrap) > .wp-block-kadence-column{justify-content:start;}.kb-row-layout-id4627_a4a09d-bf > .kt-row-column-wrap{column-gap:var(--global-kb-gap-md, 2rem);row-gap:var(--global-kb-gap-md, 2rem);padding-top:var(--global-kb-spacing-sm, 1.5rem);padding-bottom:var(--global-kb-spacing-sm, 1.5rem);grid-template-columns:minmax(0, 1fr);}.kb-row-layout-id4627_a4a09d-bf{background-color:#1a2332;}.kb-row-layout-id4627_a4a09d-bf > .kt-row-layout-overlay{opacity:0.30;}@media all and (max-width: 1024px){.kb-row-layout-id4627_a4a09d-bf > .kt-row-column-wrap{grid-template-columns:minmax(0, 1fr);}}@media all and (max-width: 767px){.kb-row-layout-id4627_a4a09d-bf > .kt-row-column-wrap{grid-template-columns:minmax(0, 1fr);}}<\/style><div class=\"kb-row-layout-wrap kb-row-layout-id4627_a4a09d-bf alignnone kt-row-has-bg wp-block-kadence-rowlayout\"><div class=\"kt-row-column-wrap kt-has-1-columns kt-row-layout-equal kt-tab-layout-inherit kt-mobile-layout-row kt-row-valign-top\">\n<style>.kadence-column4627_e55f0b-be > .kt-inside-inner-col,.kadence-column4627_e55f0b-be > .kt-inside-inner-col:before{border-top-left-radius:0px;border-top-right-radius:0px;border-bottom-right-radius:0px;border-bottom-left-radius:0px;}.kadence-column4627_e55f0b-be > .kt-inside-inner-col{column-gap:var(--global-kb-gap-sm, 1rem);}.kadence-column4627_e55f0b-be > .kt-inside-inner-col{flex-direction:column;}.kadence-column4627_e55f0b-be > .kt-inside-inner-col > .aligncenter{width:100%;}.kadence-column4627_e55f0b-be > .kt-inside-inner-col:before{opacity:0.3;}.kadence-column4627_e55f0b-be{position:relative;}@media all and (max-width: 1024px){.kadence-column4627_e55f0b-be > .kt-inside-inner-col{flex-direction:column;justify-content:center;}}@media all and (max-width: 767px){.kadence-column4627_e55f0b-be > .kt-inside-inner-col{flex-direction:column;justify-content:center;}}<\/style>\n<div class=\"wp-block-kadence-column kadence-column4627_e55f0b-be\"><div class=\"kt-inside-inner-col\"><style>.wp-block-kadence-advancedheading.kt-adv-heading4627_d7c765-4c, .wp-block-kadence-advancedheading.kt-adv-heading4627_d7c765-4c[data-kb-block=\"kb-adv-heading4627_d7c765-4c\"]{font-style:normal;color:#ffffff;}.wp-block-kadence-advancedheading.kt-adv-heading4627_d7c765-4c mark.kt-highlight, .wp-block-kadence-advancedheading.kt-adv-heading4627_d7c765-4c[data-kb-block=\"kb-adv-heading4627_d7c765-4c\"] mark.kt-highlight{font-style:normal;color:#f76a0c;-webkit-box-decoration-break:clone;box-decoration-break:clone;padding-top:0px;padding-right:0px;padding-bottom:0px;padding-left:0px;}.wp-block-kadence-advancedheading.kt-adv-heading4627_d7c765-4c img.kb-inline-image, .wp-block-kadence-advancedheading.kt-adv-heading4627_d7c765-4c[data-kb-block=\"kb-adv-heading4627_d7c765-4c\"] img.kb-inline-image{width:150px;vertical-align:baseline;}<\/style>\n<h2 class=\"kt-adv-heading4627_d7c765-4c wp-block-kadence-advancedheading\" data-kb-block=\"kb-adv-heading4627_d7c765-4c\">Contact<\/h2>\n\n\n<style>.wp-block-kadence-advancedheading.kt-adv-heading4627_b7240b-f4, .wp-block-kadence-advancedheading.kt-adv-heading4627_b7240b-f4[data-kb-block=\"kb-adv-heading4627_b7240b-f4\"]{font-size:var(--global-kb-font-size-md, 1.25rem);font-style:normal;color:rgba(255,255,255,0.7);}.wp-block-kadence-advancedheading.kt-adv-heading4627_b7240b-f4 mark.kt-highlight, .wp-block-kadence-advancedheading.kt-adv-heading4627_b7240b-f4[data-kb-block=\"kb-adv-heading4627_b7240b-f4\"] mark.kt-highlight{font-style:normal;color:#f76a0c;-webkit-box-decoration-break:clone;box-decoration-break:clone;padding-top:0px;padding-right:0px;padding-bottom:0px;padding-left:0px;}.wp-block-kadence-advancedheading.kt-adv-heading4627_b7240b-f4 img.kb-inline-image, .wp-block-kadence-advancedheading.kt-adv-heading4627_b7240b-f4[data-kb-block=\"kb-adv-heading4627_b7240b-f4\"] img.kb-inline-image{width:150px;vertical-align:baseline;}<\/style>\n<h2 class=\"kt-adv-heading4627_b7240b-f4 wp-block-kadence-advancedheading\" data-kb-block=\"kb-adv-heading4627_b7240b-f4\">Universitatea Constantin Br\u00e2ncu\u0219i din T\u00e2rgu-Jiu \u00b7 Facultatea de Inginerie<\/h2>\n<\/div><\/div>\n\n<\/div><\/div>\n\n<style>.kb-row-layout-id4627_bf8b83-93 > .kt-row-column-wrap{align-content:start;}:where(.kb-row-layout-id4627_bf8b83-93 > .kt-row-column-wrap) > .wp-block-kadence-column{justify-content:start;}.kb-row-layout-id4627_bf8b83-93 > .kt-row-column-wrap{column-gap:var(--global-kb-gap-md, 2rem);row-gap:var(--global-kb-gap-md, 2rem);padding-top:var(--global-kb-spacing-sm, 1.5rem);padding-bottom:var(--global-kb-spacing-sm, 1.5rem);grid-template-columns:repeat(2, minmax(0, 1fr));}.kb-row-layout-id4627_bf8b83-93 > .kt-row-layout-overlay{opacity:0.30;}@media all and (max-width: 1024px){.kb-row-layout-id4627_bf8b83-93 > .kt-row-column-wrap{grid-template-columns:repeat(2, minmax(0, 1fr));}}@media all and (max-width: 767px){.kb-row-layout-id4627_bf8b83-93 > .kt-row-column-wrap{grid-template-columns:minmax(0, 1fr);}}<\/style><div class=\"kb-row-layout-wrap kb-row-layout-id4627_bf8b83-93 alignnone wp-block-kadence-rowlayout\"><div class=\"kt-row-column-wrap kt-has-2-columns kt-row-layout-equal kt-tab-layout-inherit kt-mobile-layout-row kt-row-valign-top\">\n<style>.kadence-column4627_7dcb4a-51 > .kt-inside-inner-col,.kadence-column4627_7dcb4a-51 > .kt-inside-inner-col:before{border-top-left-radius:0px;border-top-right-radius:0px;border-bottom-right-radius:0px;border-bottom-left-radius:0px;}.kadence-column4627_7dcb4a-51 > .kt-inside-inner-col{column-gap:var(--global-kb-gap-sm, 1rem);}.kadence-column4627_7dcb4a-51 > .kt-inside-inner-col{flex-direction:column;}.kadence-column4627_7dcb4a-51 > .kt-inside-inner-col > .aligncenter{width:100%;}.kadence-column4627_7dcb4a-51 > .kt-inside-inner-col:before{opacity:0.3;}.kadence-column4627_7dcb4a-51{position:relative;}@media all and (max-width: 1024px){.kadence-column4627_7dcb4a-51 > .kt-inside-inner-col{flex-direction:column;justify-content:center;}}@media all and (max-width: 767px){.kadence-column4627_7dcb4a-51 > .kt-inside-inner-col{flex-direction:column;justify-content:center;}}<\/style>\n<div class=\"wp-block-kadence-column kadence-column4627_7dcb4a-51\"><div class=\"kt-inside-inner-col\">\n<p>Facultatea de Inginerie, Strada Geneva<\/p>\n<p>\ud83c\udfe2 Cabinet: camera 015<\/p>\n<p>\ud83d\udcc5 Consulta\u021bii: mar\u021bi, s\u0103pt\u0103m\u00e2na par\u0103, 8-10<\/p>\n<p>\ud83d\udd17 <a href=\"https:\/\/www.linkedin.com\/in\/adrianrunceanu\/\" target=\"_blank\">LinkedIn<\/a> \u00b7 <a href=\"https:\/\/scholar.google.com\/citations?user=fq8rwIkAAAAJ&amp;hl=en&amp;authuser=1\" target=\"_blank\">Google Scholar <\/a> \u00b7 <a href=\"https:\/\/orcid.org\/0000-0001-5964-1636\" target=\"_blank\">ORCID<\/a> \u00b7 <a href=\"https:\/\/www.scopus.com\" target=\"_blank\">Scopus<\/a><\/p>\n<\/div><\/div>\n\n\n<style>.kadence-column4627_d93175-81 > .kt-inside-inner-col,.kadence-column4627_d93175-81 > .kt-inside-inner-col:before{border-top-left-radius:0px;border-top-right-radius:0px;border-bottom-right-radius:0px;border-bottom-left-radius:0px;}.kadence-column4627_d93175-81 > .kt-inside-inner-col{column-gap:var(--global-kb-gap-sm, 1rem);}.kadence-column4627_d93175-81 > .kt-inside-inner-col{flex-direction:column;}.kadence-column4627_d93175-81 > .kt-inside-inner-col > .aligncenter{width:100%;}.kadence-column4627_d93175-81 > .kt-inside-inner-col:before{opacity:0.3;}.kadence-column4627_d93175-81{position:relative;}@media all and (max-width: 1024px){.kadence-column4627_d93175-81 > .kt-inside-inner-col{flex-direction:column;justify-content:center;}}@media all and (max-width: 767px){.kadence-column4627_d93175-81 > .kt-inside-inner-col{flex-direction:column;justify-content:center;}}<\/style>\n<div class=\"wp-block-kadence-column kadence-column4627_d93175-81\"><div class=\"kt-inside-inner-col\"><style id=\"wpforms-css-vars-4766\">\n\t\t\t\t#wpforms-4766 {\n\t\t\t\t--wpforms-container-padding: 0px;\n--wpforms-container-border-width: 1px;\n--wpforms-container-border-radius: 3px;\n--wpforms-background-color: rgba(0, 0, 0, 0);\n--wpforms-field-size-input-height: 43px;\n--wpforms-field-size-input-spacing: 15px;\n--wpforms-field-size-font-size: 16px;\n--wpforms-field-size-line-height: 19px;\n--wpforms-field-size-padding-h: 14px;\n--wpforms-field-size-checkbox-size: 16px;\n--wpforms-field-size-sublabel-spacing: 5px;\n--wpforms-field-size-icon-size: 1;\n--wpforms-label-size-font-size: 16px;\n--wpforms-label-size-line-height: 19px;\n--wpforms-label-size-sublabel-font-size: 14px;\n--wpforms-label-size-sublabel-line-height: 17px;\n--wpforms-button-size-font-size: 17px;\n--wpforms-button-size-height: 41px;\n--wpforms-button-size-padding-h: 15px;\n--wpforms-button-size-margin-top: 10px;\n--wpforms-container-shadow-size-box-shadow: none;\n\t\t\t}\n\t\t\t<\/style><div class=\"wpforms-container wpforms-container-full wpforms-render-modern\" id=\"wpforms-4766\"><form id=\"wpforms-form-4766\" class=\"wpforms-validate wpforms-form wpforms-ajax-form\" data-formid=\"4766\" method=\"post\" enctype=\"multipart\/form-data\" action=\"\/adrian\/wp-json\/wp\/v2\/pages\/4627\" data-token=\"66ec354030862ca1fda598492c4c6cd3\" data-token-time=\"1778821825\"><noscript class=\"wpforms-error-noscript\">Please enable JavaScript in your browser to complete this form.<\/noscript><div id=\"wpforms-error-noscript\" style=\"display: none;\">Please enable JavaScript in your browser to complete this form.<\/div><div class=\"wpforms-field-container\"><div id=\"wpforms-4766-field_1-container\" class=\"wpforms-field wpforms-field-name\" data-field-id=\"1\"><fieldset><legend class=\"wpforms-field-label\">Name <span class=\"wpforms-required-label\" aria-hidden=\"true\">*<\/span><\/legend><div class=\"wpforms-field-row wpforms-field-medium\"><div class=\"wpforms-field-row-block wpforms-first wpforms-one-half\"><input type=\"text\" id=\"wpforms-4766-field_1\" class=\"wpforms-field-name-first wpforms-field-required\" name=\"wpforms[fields][1][first]\" aria-errormessage=\"wpforms-4766-field_1-error\" required><label for=\"wpforms-4766-field_1\" class=\"wpforms-field-sublabel after\">First<\/label><\/div><div class=\"wpforms-field-row-block wpforms-one-half\"><input type=\"text\" id=\"wpforms-4766-field_1-last\" class=\"wpforms-field-name-last wpforms-field-required\" name=\"wpforms[fields][1][last]\" aria-errormessage=\"wpforms-4766-field_1-last-error\" required><label for=\"wpforms-4766-field_1-last\" class=\"wpforms-field-sublabel after\">Last<\/label><\/div><\/div><\/fieldset><\/div><div id=\"wpforms-4766-field_2-container\" class=\"wpforms-field wpforms-field-email\" data-field-id=\"2\"><label class=\"wpforms-field-label\" for=\"wpforms-4766-field_2\">Email <span class=\"wpforms-required-label\" aria-hidden=\"true\">*<\/span><\/label><input type=\"email\" id=\"wpforms-4766-field_2\" class=\"wpforms-field-medium wpforms-field-required\" name=\"wpforms[fields][2]\" spellcheck=\"false\" aria-errormessage=\"wpforms-4766-field_2-error\" required><\/div><div id=\"wpforms-4766-field_4-container\" class=\"wpforms-field wpforms-field-text\" data-field-id=\"4\"><label class=\"wpforms-field-label\" for=\"wpforms-4766-field_4\">Subiect<\/label><input type=\"text\" id=\"wpforms-4766-field_4\" class=\"wpforms-field-medium\" name=\"wpforms[fields][4]\" aria-errormessage=\"wpforms-4766-field_4-error\" ><\/div>\t\t<div id=\"wpforms-4766-field_5-container\"\n\t\t\tclass=\"wpforms-field wpforms-field-text\"\n\t\t\tdata-field-type=\"text\"\n\t\t\tdata-field-id=\"5\"\n\t\t\t>\n\t\t\t<label class=\"wpforms-field-label\" for=\"wpforms-4766-field_5\" >Email Comment or<\/label>\n\t\t\t<input type=\"text\" id=\"wpforms-4766-field_5\" class=\"wpforms-field-medium\" name=\"wpforms[fields][5]\" >\n\t\t<\/div>\n\t\t<div id=\"wpforms-4766-field_3-container\" class=\"wpforms-field wpforms-field-textarea\" data-field-id=\"3\"><label class=\"wpforms-field-label\" for=\"wpforms-4766-field_3\">Comment or Message<\/label><textarea id=\"wpforms-4766-field_3\" class=\"wpforms-field-medium\" name=\"wpforms[fields][3]\" aria-errormessage=\"wpforms-4766-field_3-error\" ><\/textarea><\/div><script>\n\t\t\t\t( function() {\n\t\t\t\t\tconst style = document.createElement( 'style' );\n\t\t\t\t\tstyle.appendChild( document.createTextNode( '#wpforms-4766-field_5-container { position: absolute !important; overflow: hidden !important; display: inline !important; height: 1px !important; width: 1px !important; z-index: -1000 !important; padding: 0 !important; } #wpforms-4766-field_5-container input { visibility: hidden; } #wpforms-conversational-form-page #wpforms-4766-field_5-container label { counter-increment: none; }' ) );\n\t\t\t\t\tdocument.head.appendChild( style );\n\t\t\t\t\tdocument.currentScript?.remove();\n\t\t\t\t} )();\n\t\t\t<\/script><\/div><!-- .wpforms-field-container --><div class=\"wpforms-submit-container\" ><input type=\"hidden\" name=\"wpforms[id]\" value=\"4766\"><input type=\"hidden\" name=\"page_title\" value=\"\"><input type=\"hidden\" name=\"page_url\" value=\"https:\/\/www.runceanu.ro\/adrian\/wp-json\/wp\/v2\/pages\/4627\"><input type=\"hidden\" name=\"url_referer\" value=\"\"><button type=\"submit\" name=\"wpforms[submit]\" id=\"wpforms-submit-4766\" class=\"wpforms-submit\" data-alt-text=\"Sending...\" data-submit-text=\"Submit\" aria-live=\"assertive\" value=\"wpforms-submit\">Submit<\/button><img loading=\"lazy\" decoding=\"async\" src=\"https:\/\/www.runceanu.ro\/adrian\/wp-content\/plugins\/wpforms-lite\/assets\/images\/submit-spin.svg\" class=\"wpforms-submit-spinner\" style=\"display: none;\" width=\"26\" height=\"26\" alt=\"Loading\"><\/div><\/form><\/div>  <!-- .wpforms-container -->\n<\/div><\/div>\n\n<\/div><\/div>\n\n\n<p><\/p>\n","protected":false},"excerpt":{"rendered":"<p>Contact Universitatea Constantin Br\u00e2ncu\u0219i din T\u00e2rgu-Jiu \u00b7 Facultatea de Inginerie Facultatea de Inginerie, Strada Geneva \ud83c\udfe2 Cabinet: camera 015 \ud83d\udcc5 Consulta\u021bii: mar\u021bi, s\u0103pt\u0103m\u00e2na par\u0103, 8-10 \ud83d\udd17 LinkedIn \u00b7 Google Scholar \u00b7 ORCID \u00b7 Scopus<\/p>\n","protected":false},"author":1001119,"featured_media":0,"parent":0,"menu_order":0,"comment_status":"closed","ping_status":"closed","template":"","meta":{"_kad_post_transparent":"","_kad_post_title":"","_kad_post_layout":"","_kad_post_sidebar_id":"","_kad_post_content_style":"","_kad_post_vertical_padding":"","_kad_post_feature":"","_kad_post_feature_position":"","_kad_post_header":false,"_kad_post_footer":false,"_kad_post_classname":"","footnotes":""},"class_list":["post-4627","page","type-page","status-publish","hentry"],"yoast_head":"<!-- This site is optimized with the Yoast SEO plugin v27.6 - https:\/\/yoast.com\/product\/yoast-seo-wordpress\/ -->\n<title>Contact nou - Adrian Runceanu<\/title>\n<meta name=\"description\" content=\"Contacteaz\u0103 conf. univ. dr. Adrian Runceanu - Universitatea Constantin Br\u00e2ncu\u0219i din T\u00e2rgu-Jiu, Facultatea de Inginerie. Orar consulta\u021bii \u0219i formularul de contact.\" \/>\n<meta name=\"robots\" content=\"index, follow, max-snippet:-1, max-image-preview:large, max-video-preview:-1\" \/>\n<link rel=\"canonical\" href=\"https:\/\/www.runceanu.ro\/adrian\/contact-nou\/\" \/>\n<meta property=\"og:locale\" content=\"en_US\" \/>\n<meta property=\"og:type\" content=\"article\" \/>\n<meta property=\"og:title\" content=\"Contact nou - Adrian Runceanu\" \/>\n<meta property=\"og:description\" content=\"Contacteaz\u0103 conf. univ. dr. Adrian Runceanu - Universitatea Constantin Br\u00e2ncu\u0219i din T\u00e2rgu-Jiu, Facultatea de Inginerie. Orar consulta\u021bii \u0219i formularul de contact.\" \/>\n<meta property=\"og:url\" content=\"https:\/\/www.runceanu.ro\/adrian\/contact-nou\/\" \/>\n<meta property=\"og:site_name\" content=\"Adrian Runceanu\" \/>\n<meta property=\"article:modified_time\" content=\"2026-05-14T05:33:08+00:00\" \/>\n<meta name=\"twitter:card\" content=\"summary_large_image\" \/>\n<meta name=\"twitter:label1\" content=\"Est. reading time\" \/>\n\t<meta name=\"twitter:data1\" content=\"1 minute\" \/>\n<script type=\"application\/ld+json\" class=\"yoast-schema-graph\">{\"@context\":\"https:\\\/\\\/schema.org\",\"@graph\":[{\"@type\":\"WebPage\",\"@id\":\"https:\\\/\\\/www.runceanu.ro\\\/adrian\\\/contact-nou\\\/\",\"url\":\"https:\\\/\\\/www.runceanu.ro\\\/adrian\\\/contact-nou\\\/\",\"name\":\"Contact nou - Adrian Runceanu\",\"isPartOf\":{\"@id\":\"https:\\\/\\\/www.runceanu.ro\\\/adrian\\\/#website\"},\"datePublished\":\"2026-04-20T04:52:33+00:00\",\"dateModified\":\"2026-05-14T05:33:08+00:00\",\"description\":\"Contacteaz\u0103 conf. univ. dr. Adrian Runceanu - Universitatea Constantin Br\u00e2ncu\u0219i din T\u00e2rgu-Jiu, Facultatea de Inginerie. Orar consulta\u021bii \u0219i formularul de contact.\",\"breadcrumb\":{\"@id\":\"https:\\\/\\\/www.runceanu.ro\\\/adrian\\\/contact-nou\\\/#breadcrumb\"},\"inLanguage\":\"en-US\",\"potentialAction\":[{\"@type\":\"ReadAction\",\"target\":[\"https:\\\/\\\/www.runceanu.ro\\\/adrian\\\/contact-nou\\\/\"]}]},{\"@type\":\"BreadcrumbList\",\"@id\":\"https:\\\/\\\/www.runceanu.ro\\\/adrian\\\/contact-nou\\\/#breadcrumb\",\"itemListElement\":[{\"@type\":\"ListItem\",\"position\":1,\"name\":\"Home\",\"item\":\"https:\\\/\\\/www.runceanu.ro\\\/adrian\\\/\"},{\"@type\":\"ListItem\",\"position\":2,\"name\":\"Contact nou\"}]},{\"@type\":\"WebSite\",\"@id\":\"https:\\\/\\\/www.runceanu.ro\\\/adrian\\\/#website\",\"url\":\"https:\\\/\\\/www.runceanu.ro\\\/adrian\\\/\",\"name\":\"Adrian Runceanu\",\"description\":\"Conf. univ. dr. \u00b7 UCB T\u00e2rgu-Jiu\",\"publisher\":{\"@id\":\"https:\\\/\\\/www.runceanu.ro\\\/adrian\\\/#\\\/schema\\\/person\\\/9d4599ef26d3d6a6ba3acc21bcc13489\"},\"potentialAction\":[{\"@type\":\"SearchAction\",\"target\":{\"@type\":\"EntryPoint\",\"urlTemplate\":\"https:\\\/\\\/www.runceanu.ro\\\/adrian\\\/?s={search_term_string}\"},\"query-input\":{\"@type\":\"PropertyValueSpecification\",\"valueRequired\":true,\"valueName\":\"search_term_string\"}}],\"inLanguage\":\"en-US\"},{\"@type\":[\"Person\",\"Organization\"],\"@id\":\"https:\\\/\\\/www.runceanu.ro\\\/adrian\\\/#\\\/schema\\\/person\\\/9d4599ef26d3d6a6ba3acc21bcc13489\",\"name\":\"AdrianR\",\"image\":{\"@type\":\"ImageObject\",\"inLanguage\":\"en-US\",\"@id\":\"https:\\\/\\\/www.runceanu.ro\\\/adrian\\\/wp-content\\\/uploads\\\/2011\\\/11\\\/AR_2011.png\",\"url\":\"https:\\\/\\\/www.runceanu.ro\\\/adrian\\\/wp-content\\\/uploads\\\/2011\\\/11\\\/AR_2011.png\",\"contentUrl\":\"https:\\\/\\\/www.runceanu.ro\\\/adrian\\\/wp-content\\\/uploads\\\/2011\\\/11\\\/AR_2011.png\",\"width\":576,\"height\":624,\"caption\":\"AdrianR\"},\"logo\":{\"@id\":\"https:\\\/\\\/www.runceanu.ro\\\/adrian\\\/wp-content\\\/uploads\\\/2011\\\/11\\\/AR_2011.png\"},\"sameAs\":[\"http:\\\/\\\/www.runceanu.ro\\\/adrian\",\"https:\\\/\\\/www.linkedin.com\\\/in\\\/adrianrunceanu\\\/\"]}]}<\/script>\n<!-- \/ Yoast SEO plugin. -->","yoast_head_json":{"title":"Contact nou - Adrian Runceanu","description":"Contacteaz\u0103 conf. univ. dr. Adrian Runceanu - Universitatea Constantin Br\u00e2ncu\u0219i din T\u00e2rgu-Jiu, Facultatea de Inginerie. Orar consulta\u021bii \u0219i formularul de contact.","robots":{"index":"index","follow":"follow","max-snippet":"max-snippet:-1","max-image-preview":"max-image-preview:large","max-video-preview":"max-video-preview:-1"},"canonical":"https:\/\/www.runceanu.ro\/adrian\/contact-nou\/","og_locale":"en_US","og_type":"article","og_title":"Contact nou - Adrian Runceanu","og_description":"Contacteaz\u0103 conf. univ. dr. Adrian Runceanu - Universitatea Constantin Br\u00e2ncu\u0219i din T\u00e2rgu-Jiu, Facultatea de Inginerie. Orar consulta\u021bii \u0219i formularul de contact.","og_url":"https:\/\/www.runceanu.ro\/adrian\/contact-nou\/","og_site_name":"Adrian Runceanu","article_modified_time":"2026-05-14T05:33:08+00:00","twitter_card":"summary_large_image","twitter_misc":{"Est. reading time":"1 minute"},"schema":{"@context":"https:\/\/schema.org","@graph":[{"@type":"WebPage","@id":"https:\/\/www.runceanu.ro\/adrian\/contact-nou\/","url":"https:\/\/www.runceanu.ro\/adrian\/contact-nou\/","name":"Contact nou - Adrian Runceanu","isPartOf":{"@id":"https:\/\/www.runceanu.ro\/adrian\/#website"},"datePublished":"2026-04-20T04:52:33+00:00","dateModified":"2026-05-14T05:33:08+00:00","description":"Contacteaz\u0103 conf. univ. dr. Adrian Runceanu - Universitatea Constantin Br\u00e2ncu\u0219i din T\u00e2rgu-Jiu, Facultatea de Inginerie. Orar consulta\u021bii \u0219i formularul de contact.","breadcrumb":{"@id":"https:\/\/www.runceanu.ro\/adrian\/contact-nou\/#breadcrumb"},"inLanguage":"en-US","potentialAction":[{"@type":"ReadAction","target":["https:\/\/www.runceanu.ro\/adrian\/contact-nou\/"]}]},{"@type":"BreadcrumbList","@id":"https:\/\/www.runceanu.ro\/adrian\/contact-nou\/#breadcrumb","itemListElement":[{"@type":"ListItem","position":1,"name":"Home","item":"https:\/\/www.runceanu.ro\/adrian\/"},{"@type":"ListItem","position":2,"name":"Contact nou"}]},{"@type":"WebSite","@id":"https:\/\/www.runceanu.ro\/adrian\/#website","url":"https:\/\/www.runceanu.ro\/adrian\/","name":"Adrian Runceanu","description":"Conf. univ. dr. \u00b7 UCB T\u00e2rgu-Jiu","publisher":{"@id":"https:\/\/www.runceanu.ro\/adrian\/#\/schema\/person\/9d4599ef26d3d6a6ba3acc21bcc13489"},"potentialAction":[{"@type":"SearchAction","target":{"@type":"EntryPoint","urlTemplate":"https:\/\/www.runceanu.ro\/adrian\/?s={search_term_string}"},"query-input":{"@type":"PropertyValueSpecification","valueRequired":true,"valueName":"search_term_string"}}],"inLanguage":"en-US"},{"@type":["Person","Organization"],"@id":"https:\/\/www.runceanu.ro\/adrian\/#\/schema\/person\/9d4599ef26d3d6a6ba3acc21bcc13489","name":"AdrianR","image":{"@type":"ImageObject","inLanguage":"en-US","@id":"https:\/\/www.runceanu.ro\/adrian\/wp-content\/uploads\/2011\/11\/AR_2011.png","url":"https:\/\/www.runceanu.ro\/adrian\/wp-content\/uploads\/2011\/11\/AR_2011.png","contentUrl":"https:\/\/www.runceanu.ro\/adrian\/wp-content\/uploads\/2011\/11\/AR_2011.png","width":576,"height":624,"caption":"AdrianR"},"logo":{"@id":"https:\/\/www.runceanu.ro\/adrian\/wp-content\/uploads\/2011\/11\/AR_2011.png"},"sameAs":["http:\/\/www.runceanu.ro\/adrian","https:\/\/www.linkedin.com\/in\/adrianrunceanu\/"]}]}},"_links":{"self":[{"href":"https:\/\/www.runceanu.ro\/adrian\/wp-json\/wp\/v2\/pages\/4627","targetHints":{"allow":["GET"]}}],"collection":[{"href":"https:\/\/www.runceanu.ro\/adrian\/wp-json\/wp\/v2\/pages"}],"about":[{"href":"https:\/\/www.runceanu.ro\/adrian\/wp-json\/wp\/v2\/types\/page"}],"author":[{"embeddable":true,"href":"https:\/\/www.runceanu.ro\/adrian\/wp-json\/wp\/v2\/users\/1001119"}],"replies":[{"embeddable":true,"href":"https:\/\/www.runceanu.ro\/adrian\/wp-json\/wp\/v2\/comments?post=4627"}],"version-history":[{"count":9,"href":"https:\/\/www.runceanu.ro\/adrian\/wp-json\/wp\/v2\/pages\/4627\/revisions"}],"predecessor-version":[{"id":4783,"href":"https:\/\/www.runceanu.ro\/adrian\/wp-json\/wp\/v2\/pages\/4627\/revisions\/4783"}],"wp:attachment":[{"href":"https:\/\/www.runceanu.ro\/adrian\/wp-json\/wp\/v2\/media?parent=4627"}],"curies":[{"name":"wp","href":"https:\/\/api.w.org\/{rel}","templated":true}]}}